{"id":5099,"date":"2021-10-18T09:36:52","date_gmt":"2021-10-18T07:36:52","guid":{"rendered":"https:\/\/halstein.qodeinteractive.com\/?page_id=5099"},"modified":"2023-05-09T22:00:15","modified_gmt":"2023-05-09T20:00:15","slug":"event-list","status":"publish","type":"page","link":"https:\/\/progresus.pl\/index.php\/event-list\/","title":{"rendered":"Kariera"},"content":{"rendered":"\t\t<div data-elementor-type=\"wp-page\" data-elementor-id=\"5099\" class=\"elementor elementor-5099\">\n\t\t\t\t\t\t\t\t\t<section class=\"elementor-section elementor-top-section elementor-element elementor-element-ddb934a elementor-section-boxed elementor-section-height-default elementor-section-height-default qodef-elementor-content-no\" data-id=\"ddb934a\" data-element_type=\"section\">\n\t\t\t\t\t\t<div class=\"elementor-container elementor-column-gap-default\">\n\t\t\t\t\t<div class=\"elementor-column elementor-col-100 elementor-top-column elementor-element elementor-element-5a02a02\" data-id=\"5a02a02\" data-element_type=\"column\">\n\t\t\t<div class=\"elementor-widget-wrap elementor-element-populated\">\n\t\t\t\t\t\t\t\t<div class=\"elementor-element elementor-element-9b7e85e elementor-widget__width-initial elementor-widget elementor-widget-halstein_core_section_title\" data-id=\"9b7e85e\" data-element_type=\"widget\" data-widget_type=\"halstein_core_section_title.default\">\n\t\t\t\t<div class=\"elementor-widget-container\">\n\t\t\t<div class=\"qodef-shortcode qodef-m  qodef-section-title qodef-alignment--left  \">\n\t\t<h6 class=\"qodef-m-tagline\" >\n\t\trekrutujemy\t<\/h6>\n\t\t<h2 class=\"qodef-m-title\" >\n\t\t\t\t\tDo\u0142\u0105cz do nas!\t\t\t<\/h2>\n\t\t\t<\/div>\n\t\t<\/div>\n\t\t\t\t<\/div>\n\t\t\t\t\t<\/div>\n\t\t<\/div>\n\t\t\t\t\t\t\t<\/div>\n\t\t<\/section>\n\t\t\t\t<section class=\"elementor-section elementor-top-section elementor-element elementor-element-c6528fe elementor-section-boxed elementor-section-height-default elementor-section-height-default qodef-elementor-content-no\" data-id=\"c6528fe\" data-element_type=\"section\">\n\t\t\t\t\t\t<div class=\"elementor-container elementor-column-gap-default\">\n\t\t\t\t\t<div class=\"elementor-column elementor-col-100 elementor-top-column elementor-element elementor-element-d8cfcc5\" data-id=\"d8cfcc5\" data-element_type=\"column\">\n\t\t\t<div class=\"elementor-widget-wrap elementor-element-populated\">\n\t\t\t\t\t\t\t\t<div class=\"elementor-element elementor-element-afd3b96 elementor-widget elementor-widget-halstein_core_section_title\" data-id=\"afd3b96\" data-element_type=\"widget\" data-widget_type=\"halstein_core_section_title.default\">\n\t\t\t\t<div class=\"elementor-widget-container\">\n\t\t\t<div class=\"qodef-shortcode qodef-m  qodef-section-title qodef-alignment--left  \">\n\t\t\t<h4 class=\"qodef-m-title\" >\n\t\t\t\t\tJeste\u015bmy firm\u0105 doradcz\u0105 realizuj\u0105c\u0105 kompleksowo, interdyscyplinarne projekty dla przedsi\u0119biorc\u00f3w, jednostek naukowych, klastr\u00f3w i konsorcj\u00f3w naukowych. Lubimy, gdy nasza praca przynosi wymierne korzy\u015bci i efekty. Je\u015bli chcesz wzmocni\u0107 nasz potencja\u0142 przy\u0142\u0105cz si\u0119 do nas! Obecnie poszukujemy kandydat\u00f3w na stanowiska:\t\t\t<\/h4>\n\t\t\t<\/div>\n\t\t<\/div>\n\t\t\t\t<\/div>\n\t\t\t\t<div class=\"elementor-element elementor-element-d681e2d elementor-widget elementor-widget-halstein_core_section_title\" data-id=\"d681e2d\" data-element_type=\"widget\" data-widget_type=\"halstein_core_section_title.default\">\n\t\t\t\t<div class=\"elementor-widget-container\">\n\t\t\t<div class=\"qodef-shortcode qodef-m  qodef-section-title qodef-alignment--left  \">\n\t\t\t<h6 class=\"qodef-m-title\" >\n\t\t\t\t\tSpecjalista ds. rozliczania projekt\u00f3w unijnych\t\t\t<\/h6>\n\t\t\t<\/div>\n\t\t<\/div>\n\t\t\t\t<\/div>\n\t\t\t\t<div class=\"elementor-element elementor-element-fa8f5df elementor-widget elementor-widget-halstein_core_section_title\" data-id=\"fa8f5df\" data-element_type=\"widget\" data-widget_type=\"halstein_core_section_title.default\">\n\t\t\t\t<div class=\"elementor-widget-container\">\n\t\t\t<div class=\"qodef-shortcode qodef-m  qodef-section-title qodef-alignment--left  \">\n\t\t\t<h6 class=\"qodef-m-title\" >\n\t\t\t\t\tKonsultant ds. pozyskiwania funduszy unijnych - p\u0142atny sta\u017c\t\t\t<\/h6>\n\t\t\t<\/div>\n\t\t<\/div>\n\t\t\t\t<\/div>\n\t\t\t\t\t<\/div>\n\t\t<\/div>\n\t\t\t\t\t\t\t<\/div>\n\t\t<\/section>\n\t\t\t\t<section class=\"elementor-section elementor-top-section elementor-element elementor-element-3a52342 elementor-section-boxed elementor-section-height-default elementor-section-height-default qodef-elementor-content-no\" data-id=\"3a52342\" data-element_type=\"section\">\n\t\t\t\t\t\t<div class=\"elementor-container elementor-column-gap-default\">\n\t\t\t\t\t<div class=\"elementor-column elementor-col-100 elementor-top-column elementor-element elementor-element-760b77a\" data-id=\"760b77a\" data-element_type=\"column\">\n\t\t\t<div class=\"elementor-widget-wrap elementor-element-populated\">\n\t\t\t\t\t\t\t\t<div class=\"elementor-element elementor-element-28958fb elementor-widget elementor-widget-spacer\" data-id=\"28958fb\" data-element_type=\"widget\" data-widget_type=\"spacer.default\">\n\t\t\t\t<div class=\"elementor-widget-container\">\n\t\t\t<style>\/*! elementor - v3.9.2 - 21-12-2022 *\/\n.elementor-column .elementor-spacer-inner{height:var(--spacer-size)}.e-con{--container-widget-width:100%}.e-con-inner>.elementor-widget-spacer,.e-con>.elementor-widget-spacer{width:var(--container-widget-width,var(--spacer-size));--align-self:var(--container-widget-align-self,initial);--flex-shrink:0}.e-con-inner>.elementor-widget-spacer>.elementor-widget-container,.e-con-inner>.elementor-widget-spacer>.elementor-widget-container>.elementor-spacer,.e-con>.elementor-widget-spacer>.elementor-widget-container,.e-con>.elementor-widget-spacer>.elementor-widget-container>.elementor-spacer{height:100%}.e-con-inner>.elementor-widget-spacer>.elementor-widget-container>.elementor-spacer>.elementor-spacer-inner,.e-con>.elementor-widget-spacer>.elementor-widget-container>.elementor-spacer>.elementor-spacer-inner{height:var(--container-widget-height,var(--spacer-size))}<\/style>\t\t<div class=\"elementor-spacer\">\n\t\t\t<div class=\"elementor-spacer-inner\"><\/div>\n\t\t<\/div>\n\t\t\t\t<\/div>\n\t\t\t\t<\/div>\n\t\t\t\t\t<\/div>\n\t\t<\/div>\n\t\t\t\t\t\t\t<\/div>\n\t\t<\/section>\n\t\t\t\t\t\t\t<\/div>\n\t\t","protected":false},"excerpt":{"rendered":"<p>rekrutujemy Do\u0142\u0105cz do nas! Jeste\u015bmy firm\u0105 doradcz\u0105 realizuj\u0105c\u0105 kompleksowo, interdyscyplinarne projekty dla przedsi\u0119biorc\u00f3w, jednostek naukowych, klastr\u00f3w i konsorcj\u00f3w naukowych. Lubimy, gdy nasza praca przynosi wymierne korzy\u015bci i efekty. Je\u015bli chcesz wzmocni\u0107 nasz potencja\u0142 przy\u0142\u0105cz si\u0119 do nas! Obecnie poszukujemy kandydat\u00f3w na stanowiska: Specjalista ds. rozliczania projekt\u00f3w unijnych Konsultant ds. pozyskiwania funduszy unijnych &#8211; p\u0142atny sta\u017c<\/p>\n","protected":false},"author":1,"featured_media":0,"parent":0,"menu_order":0,"comment_status":"closed","ping_status":"closed","template":"","meta":{"footnotes":""},"_links":{"self":[{"href":"https:\/\/progresus.pl\/index.php\/wp-json\/wp\/v2\/pages\/5099"}],"collection":[{"href":"https:\/\/progresus.pl\/index.php\/wp-json\/wp\/v2\/pages"}],"about":[{"href":"https:\/\/progresus.pl\/index.php\/wp-json\/wp\/v2\/types\/page"}],"author":[{"embeddable":true,"href":"https:\/\/progresus.pl\/index.php\/wp-json\/wp\/v2\/users\/1"}],"replies":[{"embeddable":true,"href":"https:\/\/progresus.pl\/index.php\/wp-json\/wp\/v2\/comments?post=5099"}],"version-history":[{"count":21,"href":"https:\/\/progresus.pl\/index.php\/wp-json\/wp\/v2\/pages\/5099\/revisions"}],"predecessor-version":[{"id":10904,"href":"https:\/\/progresus.pl\/index.php\/wp-json\/wp\/v2\/pages\/5099\/revisions\/10904"}],"wp:attachment":[{"href":"https:\/\/progresus.pl\/index.php\/wp-json\/wp\/v2\/media?parent=5099"}],"curies":[{"name":"wp","href":"https:\/\/api.w.org\/{rel}","templated":true}]}}