{"id":184,"date":"2021-10-05T12:16:37","date_gmt":"2021-10-05T10:16:37","guid":{"rendered":"https:\/\/halstein.qodeinteractive.com\/?page_id=184"},"modified":"2023-05-09T21:52:34","modified_gmt":"2023-05-09T19:52:34","slug":"standard-list","status":"publish","type":"page","link":"https:\/\/progresus.pl\/index.php\/portfolio\/standard-list\/","title":{"rendered":"Us\u0142ugi"},"content":{"rendered":"\t\t<div data-elementor-type=\"wp-page\" data-elementor-id=\"184\" class=\"elementor elementor-184\">\n\t\t\t\t\t\t\t\t\t<section class=\"elementor-section elementor-top-section elementor-element elementor-element-b3e06d4 elementor-section-boxed elementor-section-height-default elementor-section-height-default qodef-elementor-content-no\" data-id=\"b3e06d4\" data-element_type=\"section\">\n\t\t\t\t\t\t<div class=\"elementor-container elementor-column-gap-default\">\n\t\t\t\t\t<div class=\"elementor-column elementor-col-100 elementor-top-column elementor-element elementor-element-4e42750\" data-id=\"4e42750\" data-element_type=\"column\">\n\t\t\t<div class=\"elementor-widget-wrap elementor-element-populated\">\n\t\t\t\t\t\t\t\t<div class=\"elementor-element elementor-element-e8fa002 elementor-widget elementor-widget-spacer\" data-id=\"e8fa002\" data-element_type=\"widget\" data-widget_type=\"spacer.default\">\n\t\t\t\t<div class=\"elementor-widget-container\">\n\t\t\t<style>\/*! elementor - v3.9.2 - 21-12-2022 *\/\n.elementor-column .elementor-spacer-inner{height:var(--spacer-size)}.e-con{--container-widget-width:100%}.e-con-inner>.elementor-widget-spacer,.e-con>.elementor-widget-spacer{width:var(--container-widget-width,var(--spacer-size));--align-self:var(--container-widget-align-self,initial);--flex-shrink:0}.e-con-inner>.elementor-widget-spacer>.elementor-widget-container,.e-con-inner>.elementor-widget-spacer>.elementor-widget-container>.elementor-spacer,.e-con>.elementor-widget-spacer>.elementor-widget-container,.e-con>.elementor-widget-spacer>.elementor-widget-container>.elementor-spacer{height:100%}.e-con-inner>.elementor-widget-spacer>.elementor-widget-container>.elementor-spacer>.elementor-spacer-inner,.e-con>.elementor-widget-spacer>.elementor-widget-container>.elementor-spacer>.elementor-spacer-inner{height:var(--container-widget-height,var(--spacer-size))}<\/style>\t\t<div class=\"elementor-spacer\">\n\t\t\t<div class=\"elementor-spacer-inner\"><\/div>\n\t\t<\/div>\n\t\t\t\t<\/div>\n\t\t\t\t<\/div>\n\t\t\t\t\t<\/div>\n\t\t<\/div>\n\t\t\t\t\t\t\t<\/div>\n\t\t<\/section>\n\t\t\t\t<section class=\"elementor-section elementor-top-section elementor-element elementor-element-1848ffe elementor-section-boxed elementor-section-height-default elementor-section-height-default qodef-elementor-content-no\" data-id=\"1848ffe\" data-element_type=\"section\">\n\t\t\t\t\t\t<div class=\"elementor-container elementor-column-gap-default\">\n\t\t\t\t\t<div class=\"elementor-column elementor-col-100 elementor-top-column elementor-element elementor-element-60fcb89\" data-id=\"60fcb89\" data-element_type=\"column\">\n\t\t\t<div class=\"elementor-widget-wrap elementor-element-populated\">\n\t\t\t\t\t\t\t\t<div class=\"elementor-element elementor-element-3efdab7 elementor-widget elementor-widget-halstein_core_masonry_gallery_list\" data-id=\"3efdab7\" data-element_type=\"widget\" data-widget_type=\"halstein_core_masonry_gallery_list.default\">\n\t\t\t\t<div class=\"elementor-widget-container\">\n\t\t\t<div class=\"qodef-shortcode qodef-m  qodef-masonry-gallery-list qodef-grid qodef-layout--masonry qodef-items--fixed qodef-gutter--tiny qodef-col-num--3    qodef-responsive--predefined\">\n\t<div class=\"qodef-grid-inner clear\">\n\t\t\t<div class=\"qodef-grid-masonry-sizer\"><\/div>\n\t<div class=\"qodef-grid-masonry-gutter\"><\/div>\n<div class=\"qodef-e qodef-grid-item  qodef-item--square qodef-layout--standard\">\n\t<div class=\"qodef-e-inner\">\n\t\t\t<div class=\"qodef-e-media-image\">\n\t\t<img loading=\"lazy\" decoding=\"async\" width=\"650\" height=\"650\" src=\"https:\/\/progresus.pl\/wp-content\/uploads\/2021\/10\/kwadraty1-copy-1-650x650.jpg\" class=\"attachment-halstein_core_image_size_square size-halstein_core_image_size_square wp-post-image\" alt=\"\" srcset=\"https:\/\/progresus.pl\/wp-content\/uploads\/2021\/10\/kwadraty1-copy-1-650x650.jpg 650w, https:\/\/progresus.pl\/wp-content\/uploads\/2021\/10\/kwadraty1-copy-1-300x300.jpg 300w, https:\/\/progresus.pl\/wp-content\/uploads\/2021\/10\/kwadraty1-copy-1-1024x1024.jpg 1024w, https:\/\/progresus.pl\/wp-content\/uploads\/2021\/10\/kwadraty1-copy-1-150x150.jpg 150w, https:\/\/progresus.pl\/wp-content\/uploads\/2021\/10\/kwadraty1-copy-1-768x768.jpg 768w, https:\/\/progresus.pl\/wp-content\/uploads\/2021\/10\/kwadraty1-copy-1.jpg 1219w\" sizes=\"(max-width: 650px) 100vw, 650px\" \/>\t<\/div>\n\t\t<div class=\"qodef-e-content\">\n\t\t\t<div class=\"qodef-e-content-inner\">\n\t\t\t\t\n<h4 itemprop=\"name\" class=\"qodef-e-title entry-title\">\nPozyskiwanie finansowania na inwestycje<\/h4>\n\t\t\t\t\t<svg class=\"qodef-svg--slider-arrow-right\" xmlns=\"http:\/\/www.w3.org\/2000\/svg\"\n     xmlns:xlink=\"http:\/\/www.w3.org\/1999\/xlink\" x=\"0px\" y=\"0px\" width=\"35px\" height=\"53px\"\n     viewBox=\"0 0 35 53\" style=\"enable-background:new 0 0 35 53;\" xml:space=\"preserve\"><polyline points=\"15.4,10.9 30.7,26.4 15.4,42.2 \"\/><line x1=\"0.5\" y1=\"0\" x2=\"0.5\" y2=\"53\"\/><\/svg>\t\t\t\t<\/div>\n\t\t<\/div>\n\t\t\t<a itemprop=\"url\" class=\"qodef-e-link\" href=\"http:\/\/progresus.pl\/index.php\/pozyskiwanie-finansowania-na-inwestycje-i-rozliczanie-dotacji\/\" target=\"_self\"><\/a>\n\t<\/div>\n<\/div>\n<div class=\"qodef-e qodef-grid-item  qodef-item--square qodef-layout--standard\">\n\t<div class=\"qodef-e-inner\">\n\t\t\t<div class=\"qodef-e-media-image\">\n\t\t<img loading=\"lazy\" decoding=\"async\" width=\"650\" height=\"650\" src=\"https:\/\/progresus.pl\/wp-content\/uploads\/2021\/10\/kwadraty4-copy-1-650x650.jpg\" class=\"attachment-halstein_core_image_size_square size-halstein_core_image_size_square wp-post-image\" alt=\"\" srcset=\"https:\/\/progresus.pl\/wp-content\/uploads\/2021\/10\/kwadraty4-copy-1-650x650.jpg 650w, https:\/\/progresus.pl\/wp-content\/uploads\/2021\/10\/kwadraty4-copy-1-300x300.jpg 300w, https:\/\/progresus.pl\/wp-content\/uploads\/2021\/10\/kwadraty4-copy-1-1024x1024.jpg 1024w, https:\/\/progresus.pl\/wp-content\/uploads\/2021\/10\/kwadraty4-copy-1-150x150.jpg 150w, https:\/\/progresus.pl\/wp-content\/uploads\/2021\/10\/kwadraty4-copy-1-768x768.jpg 768w, https:\/\/progresus.pl\/wp-content\/uploads\/2021\/10\/kwadraty4-copy-1.jpg 1280w\" sizes=\"(max-width: 650px) 100vw, 650px\" \/>\t<\/div>\n\t\t<div class=\"qodef-e-content\">\n\t\t\t<div class=\"qodef-e-content-inner\">\n\t\t\t\t\n<h4 itemprop=\"name\" class=\"qodef-e-title entry-title\">\nKojarzenie i \u0142\u0105czenie Partner\u00f3w<\/h4>\n\t\t\t\t\t<svg class=\"qodef-svg--slider-arrow-right\" xmlns=\"http:\/\/www.w3.org\/2000\/svg\"\n     xmlns:xlink=\"http:\/\/www.w3.org\/1999\/xlink\" x=\"0px\" y=\"0px\" width=\"35px\" height=\"53px\"\n     viewBox=\"0 0 35 53\" style=\"enable-background:new 0 0 35 53;\" xml:space=\"preserve\"><polyline points=\"15.4,10.9 30.7,26.4 15.4,42.2 \"\/><line x1=\"0.5\" y1=\"0\" x2=\"0.5\" y2=\"53\"\/><\/svg>\t\t\t\t<\/div>\n\t\t<\/div>\n\t\t\t<a itemprop=\"url\" class=\"qodef-e-link\" href=\"http:\/\/progresus.pl\/index.php\/kojarzenie-i-laczenie-partnerow\/\" target=\"_self\"><\/a>\n\t<\/div>\n<\/div>\n<div class=\"qodef-e qodef-grid-item  qodef-item--square qodef-layout--standard\">\n\t<div class=\"qodef-e-inner\">\n\t\t\t<div class=\"qodef-e-media-image\">\n\t\t<img loading=\"lazy\" decoding=\"async\" width=\"640\" height=\"640\" src=\"https:\/\/progresus.pl\/wp-content\/uploads\/2021\/10\/kwadraty2-copy-1.jpg\" class=\"attachment-halstein_core_image_size_square size-halstein_core_image_size_square wp-post-image\" alt=\"\" srcset=\"https:\/\/progresus.pl\/wp-content\/uploads\/2021\/10\/kwadraty2-copy-1.jpg 640w, https:\/\/progresus.pl\/wp-content\/uploads\/2021\/10\/kwadraty2-copy-1-300x300.jpg 300w, https:\/\/progresus.pl\/wp-content\/uploads\/2021\/10\/kwadraty2-copy-1-150x150.jpg 150w\" sizes=\"(max-width: 640px) 100vw, 640px\" \/>\t<\/div>\n\t\t<div class=\"qodef-e-content\">\n\t\t\t<div class=\"qodef-e-content-inner\">\n\t\t\t\t\n<h4 itemprop=\"name\" class=\"qodef-e-title entry-title\">\nRozliczanie dotacji<\/h4>\n\t\t\t\t\t<svg class=\"qodef-svg--slider-arrow-right\" xmlns=\"http:\/\/www.w3.org\/2000\/svg\"\n     xmlns:xlink=\"http:\/\/www.w3.org\/1999\/xlink\" x=\"0px\" y=\"0px\" width=\"35px\" height=\"53px\"\n     viewBox=\"0 0 35 53\" style=\"enable-background:new 0 0 35 53;\" xml:space=\"preserve\"><polyline points=\"15.4,10.9 30.7,26.4 15.4,42.2 \"\/><line x1=\"0.5\" y1=\"0\" x2=\"0.5\" y2=\"53\"\/><\/svg>\t\t\t\t<\/div>\n\t\t<\/div>\n\t\t\t<a itemprop=\"url\" class=\"qodef-e-link\" href=\"http:\/\/progresus.pl\/index.php\/rozliczanie-dotacji\/\" target=\"_self\"><\/a>\n\t<\/div>\n<\/div>\n\t<\/div>\n<\/div>\n\t\t<\/div>\n\t\t\t\t<\/div>\n\t\t\t\t\t<\/div>\n\t\t<\/div>\n\t\t\t\t\t\t\t<\/div>\n\t\t<\/section>\n\t\t\t\t<section class=\"elementor-section elementor-top-section elementor-element elementor-element-0f9272b elementor-section-boxed elementor-section-height-default elementor-section-height-default qodef-elementor-content-no\" data-id=\"0f9272b\" data-element_type=\"section\">\n\t\t\t\t\t\t<div class=\"elementor-container elementor-column-gap-default\">\n\t\t\t\t\t<div class=\"elementor-column elementor-col-100 elementor-top-column elementor-element elementor-element-2afa443\" data-id=\"2afa443\" data-element_type=\"column\">\n\t\t\t<div class=\"elementor-widget-wrap elementor-element-populated\">\n\t\t\t\t\t\t\t\t<div class=\"elementor-element elementor-element-6e63534 elementor-widget elementor-widget-spacer\" data-id=\"6e63534\" data-element_type=\"widget\" data-widget_type=\"spacer.default\">\n\t\t\t\t<div class=\"elementor-widget-container\">\n\t\t\t\t\t<div class=\"elementor-spacer\">\n\t\t\t<div class=\"elementor-spacer-inner\"><\/div>\n\t\t<\/div>\n\t\t\t\t<\/div>\n\t\t\t\t<\/div>\n\t\t\t\t\t<\/div>\n\t\t<\/div>\n\t\t\t\t\t\t\t<\/div>\n\t\t<\/section>\n\t\t\t\t\t\t\t<\/div>\n\t\t","protected":false},"excerpt":{"rendered":"<p>Pozyskiwanie finansowania na inwestycje Kojarzenie i \u0142\u0105czenie Partner\u00f3w Rozliczanie dotacji<\/p>\n","protected":false},"author":1,"featured_media":0,"parent":198,"menu_order":0,"comment_status":"closed","ping_status":"closed","template":"","meta":{"footnotes":""},"_links":{"self":[{"href":"https:\/\/progresus.pl\/index.php\/wp-json\/wp\/v2\/pages\/184"}],"collection":[{"href":"https:\/\/progresus.pl\/index.php\/wp-json\/wp\/v2\/pages"}],"about":[{"href":"https:\/\/progresus.pl\/index.php\/wp-json\/wp\/v2\/types\/page"}],"author":[{"embeddable":true,"href":"https:\/\/progresus.pl\/index.php\/wp-json\/wp\/v2\/users\/1"}],"replies":[{"embeddable":true,"href":"https:\/\/progresus.pl\/index.php\/wp-json\/wp\/v2\/comments?post=184"}],"version-history":[{"count":82,"href":"https:\/\/progresus.pl\/index.php\/wp-json\/wp\/v2\/pages\/184\/revisions"}],"predecessor-version":[{"id":10894,"href":"https:\/\/progresus.pl\/index.php\/wp-json\/wp\/v2\/pages\/184\/revisions\/10894"}],"up":[{"embeddable":true,"href":"https:\/\/progresus.pl\/index.php\/wp-json\/wp\/v2\/pages\/198"}],"wp:attachment":[{"href":"https:\/\/progresus.pl\/index.php\/wp-json\/wp\/v2\/media?parent=184"}],"curies":[{"name":"wp","href":"https:\/\/api.w.org\/{rel}","templated":true}]}}