{"id":1583,"date":"2021-10-07T18:42:42","date_gmt":"2021-10-07T16:42:42","guid":{"rendered":"https:\/\/halstein.qodeinteractive.com\/?page_id=1583"},"modified":"2023-05-09T21:51:55","modified_gmt":"2023-05-09T19:51:55","slug":"our-team","status":"publish","type":"page","link":"https:\/\/progresus.pl\/index.php\/our-team\/","title":{"rendered":"O nas"},"content":{"rendered":"\t\t<div data-elementor-type=\"wp-page\" data-elementor-id=\"1583\" class=\"elementor elementor-1583\">\n\t\t\t\t\t\t\t\t\t<section class=\"elementor-section elementor-top-section elementor-element elementor-element-4c09189 elementor-section-boxed elementor-section-height-default elementor-section-height-default qodef-elementor-content-no\" data-id=\"4c09189\" data-element_type=\"section\">\n\t\t\t\t\t\t<div class=\"elementor-container elementor-column-gap-default\">\n\t\t\t\t\t<div class=\"elementor-column elementor-col-100 elementor-top-column elementor-element elementor-element-3b18875\" data-id=\"3b18875\" data-element_type=\"column\">\n\t\t\t<div class=\"elementor-widget-wrap elementor-element-populated\">\n\t\t\t\t\t\t\t\t<div class=\"elementor-element elementor-element-3c1e1d7 elementor-widget__width-initial elementor-widget elementor-widget-halstein_core_section_title\" data-id=\"3c1e1d7\" data-element_type=\"widget\" data-widget_type=\"halstein_core_section_title.default\">\n\t\t\t\t<div class=\"elementor-widget-container\">\n\t\t\t<div class=\"qodef-shortcode qodef-m  qodef-section-title qodef-alignment--left  \">\n\t\t<h6 class=\"qodef-m-tagline\" >\n\t\to progresus\t<\/h6>\n\t\t<h2 class=\"qodef-m-title\" >\n\t\t\t\t\tKim jeste\u015bmy?\t\t\t<\/h2>\n\t\t\t<\/div>\n\t\t<\/div>\n\t\t\t\t<\/div>\n\t\t\t\t<div class=\"elementor-element elementor-element-3a7448e elementor-widget elementor-widget-text-editor\" data-id=\"3a7448e\" data-element_type=\"widget\" data-widget_type=\"text-editor.default\">\n\t\t\t\t<div class=\"elementor-widget-container\">\n\t\t\t<style>\/*! elementor - v3.9.2 - 21-12-2022 *\/\n.elementor-widget-text-editor.elementor-drop-cap-view-stacked .elementor-drop-cap{background-color:#818a91;color:#fff}.elementor-widget-text-editor.elementor-drop-cap-view-framed .elementor-drop-cap{color:#818a91;border:3px solid;background-color:transparent}.elementor-widget-text-editor:not(.elementor-drop-cap-view-default) .elementor-drop-cap{margin-top:8px}.elementor-widget-text-editor:not(.elementor-drop-cap-view-default) .elementor-drop-cap-letter{width:1em;height:1em}.elementor-widget-text-editor .elementor-drop-cap{float:left;text-align:center;line-height:1;font-size:50px}.elementor-widget-text-editor .elementor-drop-cap-letter{display:inline-block}<\/style>\t\t\t\t<h5>Firma doradcza Progresus oferuje profesjonalne i kompleksowe us\u0142ugi o profilu konsultingowo-doradczym w zakresie pozyskiwania kapita\u0142u zewn\u0119trznego na projekty inwestycyjne oraz badawczo-rozwojowe zar\u00f3wno dla przedsi\u0119biorstw jak r\u00f3wnie\u017c dla jednostek badawczo-rozwojowych.<\/h5>\t\t\t\t\t\t<\/div>\n\t\t\t\t<\/div>\n\t\t\t\t\t<\/div>\n\t\t<\/div>\n\t\t\t\t\t\t\t<\/div>\n\t\t<\/section>\n\t\t\t\t<section class=\"elementor-section elementor-top-section elementor-element elementor-element-9c1f410 qodef-elementor-content-grid elementor-section-boxed elementor-section-height-default elementor-section-height-default elementor-invisible\" data-id=\"9c1f410\" data-element_type=\"section\" data-settings=\"{&quot;animation&quot;:&quot;fadeInLeft&quot;}\">\n\t\t\t\t\t\t<div class=\"elementor-container elementor-column-gap-default\">\n\t\t\t\t\t<div class=\"elementor-column elementor-col-100 elementor-top-column elementor-element elementor-element-118ca83\" data-id=\"118ca83\" data-element_type=\"column\">\n\t\t\t<div class=\"elementor-widget-wrap elementor-element-populated\">\n\t\t\t\t\t\t\t\t<div class=\"elementor-element elementor-element-6ddde54 elementor-widget__width-initial elementor-widget elementor-widget-halstein_core_section_title\" data-id=\"6ddde54\" data-element_type=\"widget\" data-widget_type=\"halstein_core_section_title.default\">\n\t\t\t\t<div class=\"elementor-widget-container\">\n\t\t\t<div class=\"qodef-shortcode qodef-m  qodef-section-title qodef-alignment--left  \">\n\t\t<h6 class=\"qodef-m-tagline\" >\n\t\tMO\u017bESZ NAM ZAUFA\u0106\t<\/h6>\n\t\t<h2 class=\"qodef-m-title\" >\n\t\t\t\t\tDo\u015bwiadczenie\t\t\t<\/h2>\n\t\t\t<\/div>\n\t\t<\/div>\n\t\t\t\t<\/div>\n\t\t\t\t<div class=\"elementor-element elementor-element-584e90a elementor-widget elementor-widget-text-editor\" data-id=\"584e90a\" data-element_type=\"widget\" data-widget_type=\"text-editor.default\">\n\t\t\t\t<div class=\"elementor-widget-container\">\n\t\t\t\t\t\t\t<h5>Posiadamy bogate do\u015bwiadczenie i udokumentowane sukcesy w pozyskiwaniu dotacji na inwestycje infrastrukturalne i sprz\u0119towe, zaawansowane projekty badawczo-rozwojowe (B+R), inwestycje w nowe technologie produkcyjne.<\/h5>\t\t\t\t\t\t<\/div>\n\t\t\t\t<\/div>\n\t\t\t\t<div class=\"elementor-element elementor-element-2156280 elementor-widget elementor-widget-text-editor\" data-id=\"2156280\" data-element_type=\"widget\" data-widget_type=\"text-editor.default\">\n\t\t\t\t<div class=\"elementor-widget-container\">\n\t\t\t\t\t\t\t<h5>Zrealizowali\u015bmy dla naszych Klient\u00f3w szereg wielomilionowych projekt\u00f3w, a sami stawiamy na d\u0142ugotrwa\u0142\u0105 wsp\u00f3\u0142prac\u0119 i partnerstwo. Gwarantujemy pe\u0142en profesjonalizm us\u0142ug oraz wszelak\u0105 pomoc i opiek\u0119 w zakresie pozyskiwania funduszy zewn\u0119trznych, m.in. w zakresie:<\/h5>\t\t\t\t\t\t<\/div>\n\t\t\t\t<\/div>\n\t\t\t\t<div class=\"elementor-element elementor-element-8794e22 elementor-widget elementor-widget-text-editor\" data-id=\"8794e22\" data-element_type=\"widget\" data-widget_type=\"text-editor.default\">\n\t\t\t\t<div class=\"elementor-widget-container\">\n\t\t\t\t\t\t\t<h5>\n<ul>\n<li><span class=\"elementor-icon-list-text\">wyszukiwania Partner\u00f3w,<\/span><\/li>\n<\/ul>\n<ul>\n<li><span class=\"elementor-icon-list-text\">dopracowania pomys\u0142u inwestycyjnego,<\/span><\/li>\n<\/ul>\n<ul>\n<li><span class=\"elementor-icon-list-text\">wyboru najlepszego \u017ar\u00f3d\u0142a finansowania,<\/span><\/li>\n<\/ul>\n<ul>\n<li><span class=\"elementor-icon-list-text\">sporz\u0105dzenia dokumentacji aplikacyjnej,<\/span><\/li>\n<\/ul>\n<ul>\n<li><span class=\"elementor-icon-list-text\">sta\u0142ej wsp\u00f3\u0142pracy przy realizacji projektu i rozliczeniu projektu.<\/span><\/li>\n<\/ul>\n<\/h5>\t\t\t\t\t\t<\/div>\n\t\t\t\t<\/div>\n\t\t\t\t\t<\/div>\n\t\t<\/div>\n\t\t\t\t\t\t\t<\/div>\n\t\t<\/section>\n\t\t\t\t<section class=\"elementor-section elementor-top-section elementor-element elementor-element-3cc3791 elementor-section-full_width qodef-elementor-content-grid elementor-section-height-default elementor-section-height-default elementor-invisible\" data-id=\"3cc3791\" data-element_type=\"section\" data-settings=\"{&quot;animation&quot;:&quot;fadeIn&quot;}\">\n\t\t\t\t\t\t<div class=\"elementor-container elementor-column-gap-default\">\n\t\t\t\t\t<div class=\"elementor-column elementor-col-100 elementor-top-column elementor-element elementor-element-2f4df00\" data-id=\"2f4df00\" data-element_type=\"column\">\n\t\t\t<div class=\"elementor-widget-wrap elementor-element-populated\">\n\t\t\t\t\t\t\t\t<div class=\"elementor-element elementor-element-cd34c9b elementor-widget__width-initial elementor-widget elementor-widget-halstein_core_section_title\" data-id=\"cd34c9b\" data-element_type=\"widget\" data-widget_type=\"halstein_core_section_title.default\">\n\t\t\t\t<div class=\"elementor-widget-container\">\n\t\t\t<div class=\"qodef-shortcode qodef-m  qodef-section-title qodef-alignment--left  \">\n\t\t<h6 class=\"qodef-m-tagline\" >\n\t\tSTYL PRACY\t<\/h6>\n\t\t<h2 class=\"qodef-m-title\" >\n\t\t\t\t\tNasze warto\u015bci\t\t\t<\/h2>\n\t\t\t<\/div>\n\t\t<\/div>\n\t\t\t\t<\/div>\n\t\t\t\t\t<\/div>\n\t\t<\/div>\n\t\t\t\t\t\t\t<\/div>\n\t\t<\/section>\n\t\t\t\t<section class=\"elementor-section elementor-top-section elementor-element elementor-element-01f5f84 elementor-section-full_width qodef-elementor-content-grid elementor-section-height-default elementor-section-height-default elementor-invisible\" data-id=\"01f5f84\" data-element_type=\"section\" data-settings=\"{&quot;animation&quot;:&quot;fadeIn&quot;}\">\n\t\t\t\t\t\t<div class=\"elementor-container elementor-column-gap-default\">\n\t\t\t\t\t<div class=\"elementor-column elementor-col-25 elementor-top-column elementor-element elementor-element-962f2b0\" data-id=\"962f2b0\" data-element_type=\"column\">\n\t\t\t<div class=\"elementor-widget-wrap elementor-element-populated\">\n\t\t\t\t\t\t\t\t<div class=\"elementor-element elementor-element-258c676 elementor-widget__width-initial elementor-widget elementor-widget-halstein_core_icon_with_text\" data-id=\"258c676\" data-element_type=\"widget\" data-widget_type=\"halstein_core_icon_with_text.default\">\n\t\t\t\t<div class=\"elementor-widget-container\">\n\t\t\t<div class=\"qodef-shortcode qodef-m  qodef-icon-with-text qodef-layout--top qodef--custom-icon   qodef-alignment--left\">\n\t<div class=\"qodef-m-icon-wrapper\" >\n\t\t\t\t\t<img loading=\"lazy\" decoding=\"async\" width=\"70\" height=\"70\" src=\"https:\/\/progresus.pl\/wp-content\/uploads\/2021\/10\/h2-icon-01.png\" class=\"attachment-full size-full\" alt=\"t\" \/>\t\t<\/div>\n\t<div class=\"qodef-m-content\">\n\t\t\t<h5 class=\"qodef-m-title\" style=\"margin-top: 13px\">\n\t\t\t\t\t<span class=\"qodef-m-title-text\">Dbamy o wzrost naszych Partner\u00f3w. Zale\u017cy nam na budowaniu takiej wsp\u00f3\u0142pracy, aby nasi Klienci, a zarazem Partnerzy stale do\u015bwiadczali wzrostu. Dzi\u0119ki temu i my jeste\u015bmy w ustawicznym rozwoju.<\/span>\n\t\t\t<\/h5>\n\t\t\t\t\t<\/div>\n<\/div>\n\t\t<\/div>\n\t\t\t\t<\/div>\n\t\t\t\t\t<\/div>\n\t\t<\/div>\n\t\t\t\t<div class=\"elementor-column elementor-col-25 elementor-top-column elementor-element elementor-element-1b301b5\" data-id=\"1b301b5\" data-element_type=\"column\">\n\t\t\t<div class=\"elementor-widget-wrap elementor-element-populated\">\n\t\t\t\t\t\t\t\t<div class=\"elementor-element elementor-element-117b0a5 elementor-widget__width-initial elementor-widget elementor-widget-halstein_core_icon_with_text\" data-id=\"117b0a5\" data-element_type=\"widget\" data-widget_type=\"halstein_core_icon_with_text.default\">\n\t\t\t\t<div class=\"elementor-widget-container\">\n\t\t\t<div class=\"qodef-shortcode qodef-m  qodef-icon-with-text qodef-layout--top qodef--custom-icon   qodef-alignment--left\">\n\t<div class=\"qodef-m-icon-wrapper\" >\n\t\t\t\t\t<img loading=\"lazy\" decoding=\"async\" width=\"70\" height=\"70\" src=\"https:\/\/progresus.pl\/wp-content\/uploads\/2021\/10\/h2-icon-02.png\" class=\"attachment-full size-full\" alt=\"t\" \/>\t\t<\/div>\n\t<div class=\"qodef-m-content\">\n\t\t\t<h5 class=\"qodef-m-title\" style=\"margin-top: 13px\">\n\t\t\t\t\t<span class=\"qodef-m-title-text\">Chcemy by\u0107 dok\u0142adni w dzia\u0142aniu. Pracujemy w taki spos\u00f3b, aby wszelkie nasze dzia\u0142ania by\u0142y dok\u0142adne - spogl\u0105damy na projekty szerzej, daj\u0105c naszym Klientom perspektyw\u0119, jakiej sami nie widz\u0105.<\/span>\n\t\t\t<\/h5>\n\t\t\t\t\t<\/div>\n<\/div>\n\t\t<\/div>\n\t\t\t\t<\/div>\n\t\t\t\t\t<\/div>\n\t\t<\/div>\n\t\t\t\t<div class=\"elementor-column elementor-col-25 elementor-top-column elementor-element elementor-element-bb42d96\" data-id=\"bb42d96\" data-element_type=\"column\">\n\t\t\t<div class=\"elementor-widget-wrap elementor-element-populated\">\n\t\t\t\t\t\t\t\t<div class=\"elementor-element elementor-element-f5cb7ab elementor-widget__width-initial elementor-widget elementor-widget-halstein_core_icon_with_text\" data-id=\"f5cb7ab\" data-element_type=\"widget\" data-widget_type=\"halstein_core_icon_with_text.default\">\n\t\t\t\t<div class=\"elementor-widget-container\">\n\t\t\t<div class=\"qodef-shortcode qodef-m  qodef-icon-with-text qodef-layout--top qodef--custom-icon   qodef-alignment--left\">\n\t<div class=\"qodef-m-icon-wrapper\" >\n\t\t\t\t\t<img loading=\"lazy\" decoding=\"async\" width=\"70\" height=\"70\" src=\"https:\/\/progresus.pl\/wp-content\/uploads\/2021\/10\/h2-icon-03.png\" class=\"attachment-full size-full\" alt=\"t\" \/>\t\t<\/div>\n\t<div class=\"qodef-m-content\">\n\t\t\t<h5 class=\"qodef-m-title\" style=\"margin-top: 13px\">\n\t\t\t\t\t<span class=\"qodef-m-title-text\">Mierzymy zasoby na zamiary. Do ka\u017cdego projektu podchodzimy z dok\u0142adn\u0105 analiz\u0105 tego, jakimi dysponujemy zasobami i kalkulujemy najlepsze rozwi\u0105zanie dla naszych Klient\u00f3w.<\/span>\n\t\t\t<\/h5>\n\t\t\t\t\t<\/div>\n<\/div>\n\t\t<\/div>\n\t\t\t\t<\/div>\n\t\t\t\t\t<\/div>\n\t\t<\/div>\n\t\t\t\t<div class=\"elementor-column elementor-col-25 elementor-top-column elementor-element elementor-element-c10b331\" data-id=\"c10b331\" data-element_type=\"column\">\n\t\t\t<div class=\"elementor-widget-wrap elementor-element-populated\">\n\t\t\t\t\t\t\t\t<div class=\"elementor-element elementor-element-6995c2b elementor-widget__width-initial elementor-widget elementor-widget-halstein_core_icon_with_text\" data-id=\"6995c2b\" data-element_type=\"widget\" data-widget_type=\"halstein_core_icon_with_text.default\">\n\t\t\t\t<div class=\"elementor-widget-container\">\n\t\t\t<div class=\"qodef-shortcode qodef-m  qodef-icon-with-text qodef-layout--top qodef--custom-icon   qodef-alignment--left\">\n\t<div class=\"qodef-m-icon-wrapper\" >\n\t\t\t\t\t<img loading=\"lazy\" decoding=\"async\" width=\"70\" height=\"70\" src=\"https:\/\/progresus.pl\/wp-content\/uploads\/2021\/10\/h2-icom-04.png\" class=\"attachment-full size-full\" alt=\"t\" \/>\t\t<\/div>\n\t<div class=\"qodef-m-content\">\n\t\t\t<h5 class=\"qodef-m-title\" style=\"margin-top: 13px\">\n\t\t\t\t\t<span class=\"qodef-m-title-text\">Partnerstwo. Bardzo powa\u017cnie podchodzimy do d\u0142ugofalowej wsp\u00f3\u0142pracy, dok\u0142adaj\u0105c wszelkich stara\u0144, aby nasi Klienci nie mieli w\u0105tpliwo\u015bci do zobaczenia w nas wiarygodnego Partnera na lata.<\/span>\n\t\t\t<\/h5>\n\t\t\t\t\t<\/div>\n<\/div>\n\t\t<\/div>\n\t\t\t\t<\/div>\n\t\t\t\t\t<\/div>\n\t\t<\/div>\n\t\t\t\t\t\t\t<\/div>\n\t\t<\/section>\n\t\t\t\t\t\t\t<\/div>\n\t\t","protected":false},"excerpt":{"rendered":"<p>o progresus Kim jeste\u015bmy? Firma doradcza Progresus oferuje profesjonalne i kompleksowe us\u0142ugi o profilu konsultingowo-doradczym w zakresie pozyskiwania kapita\u0142u zewn\u0119trznego na projekty inwestycyjne oraz badawczo-rozwojowe zar\u00f3wno dla przedsi\u0119biorstw jak r\u00f3wnie\u017c dla jednostek badawczo-rozwojowych. MO\u017bESZ NAM ZAUFA\u0106 Do\u015bwiadczenie Posiadamy bogate do\u015bwiadczenie i udokumentowane sukcesy w pozyskiwaniu dotacji na inwestycje infrastrukturalne i sprz\u0119towe, zaawansowane projekty badawczo-rozwojowe (B+R), [&hellip;]<\/p>\n","protected":false},"author":1,"featured_media":10471,"parent":0,"menu_order":0,"comment_status":"closed","ping_status":"closed","template":"","meta":{"footnotes":""},"_links":{"self":[{"href":"https:\/\/progresus.pl\/index.php\/wp-json\/wp\/v2\/pages\/1583"}],"collection":[{"href":"https:\/\/progresus.pl\/index.php\/wp-json\/wp\/v2\/pages"}],"about":[{"href":"https:\/\/progresus.pl\/index.php\/wp-json\/wp\/v2\/types\/page"}],"author":[{"embeddable":true,"href":"https:\/\/progresus.pl\/index.php\/wp-json\/wp\/v2\/users\/1"}],"replies":[{"embeddable":true,"href":"https:\/\/progresus.pl\/index.php\/wp-json\/wp\/v2\/comments?post=1583"}],"version-history":[{"count":110,"href":"https:\/\/progresus.pl\/index.php\/wp-json\/wp\/v2\/pages\/1583\/revisions"}],"predecessor-version":[{"id":10893,"href":"https:\/\/progresus.pl\/index.php\/wp-json\/wp\/v2\/pages\/1583\/revisions\/10893"}],"wp:featuredmedia":[{"embeddable":true,"href":"https:\/\/progresus.pl\/index.php\/wp-json\/wp\/v2\/media\/10471"}],"wp:attachment":[{"href":"https:\/\/progresus.pl\/index.php\/wp-json\/wp\/v2\/media?parent=1583"}],"curies":[{"name":"wp","href":"https:\/\/api.w.org\/{rel}","templated":true}]}}