{"id":10636,"date":"2023-01-10T01:11:59","date_gmt":"2023-01-10T00:11:59","guid":{"rendered":"http:\/\/progresus.pl\/?page_id=10636"},"modified":"2024-12-31T10:12:11","modified_gmt":"2024-12-31T09:12:11","slug":"projekty","status":"publish","type":"page","link":"https:\/\/progresus.pl\/index.php\/projekty\/","title":{"rendered":"Projekty"},"content":{"rendered":"\t\t<div data-elementor-type=\"wp-page\" data-elementor-id=\"10636\" class=\"elementor elementor-10636\">\n\t\t\t\t\t\t\t\t\t<section class=\"elementor-section elementor-top-section elementor-element elementor-element-e9b3bd4 elementor-section-boxed elementor-section-height-default elementor-section-height-default qodef-elementor-content-no\" data-id=\"e9b3bd4\" data-element_type=\"section\">\n\t\t\t\t\t\t<div class=\"elementor-container elementor-column-gap-no\">\n\t\t\t\t\t<div class=\"elementor-column elementor-col-100 elementor-top-column elementor-element elementor-element-bdf23c8\" data-id=\"bdf23c8\" data-element_type=\"column\">\n\t\t\t<div class=\"elementor-widget-wrap elementor-element-populated\">\n\t\t\t\t\t\t\t\t<div class=\"elementor-element elementor-element-c470bfc elementor-widget__width-initial elementor-widget elementor-widget-halstein_core_section_title\" data-id=\"c470bfc\" data-element_type=\"widget\" data-widget_type=\"halstein_core_section_title.default\">\n\t\t\t\t<div class=\"elementor-widget-container\">\n\t\t\t<div class=\"qodef-shortcode qodef-m  qodef-section-title qodef-alignment--left  \">\n\t\t<h6 class=\"qodef-m-tagline\" >\n\t\tPROJEKTY PROGRESUS\t<\/h6>\n\t\t<h2 class=\"qodef-m-title\" >\n\t\t\t\t\tProjekty realizowane przez Progresus Sp. z o. o.\t\t\t<\/h2>\n\t\t\t<\/div>\n\t\t<\/div>\n\t\t\t\t<\/div>\n\t\t\t\t\t<\/div>\n\t\t<\/div>\n\t\t\t\t\t\t\t<\/div>\n\t\t<\/section>\n\t\t\t\t<section class=\"elementor-section elementor-top-section elementor-element elementor-element-770f862 elementor-section-content-top elementor-section-boxed elementor-section-height-default elementor-section-height-default qodef-elementor-content-no\" data-id=\"770f862\" data-element_type=\"section\">\n\t\t\t\t\t\t<div class=\"elementor-container elementor-column-gap-default\">\n\t\t\t\t\t<div class=\"elementor-column elementor-col-100 elementor-top-column elementor-element elementor-element-c7ed772\" data-id=\"c7ed772\" data-element_type=\"column\">\n\t\t\t<div class=\"elementor-widget-wrap elementor-element-populated\">\n\t\t\t\t\t\t\t\t<div class=\"elementor-element elementor-element-0c577bd elementor-widget elementor-widget-text-editor\" data-id=\"0c577bd\" data-element_type=\"widget\" data-widget_type=\"text-editor.default\">\n\t\t\t\t<div class=\"elementor-widget-container\">\n\t\t\t<style>\/*! elementor - v3.9.2 - 21-12-2022 *\/\n.elementor-widget-text-editor.elementor-drop-cap-view-stacked .elementor-drop-cap{background-color:#818a91;color:#fff}.elementor-widget-text-editor.elementor-drop-cap-view-framed .elementor-drop-cap{color:#818a91;border:3px solid;background-color:transparent}.elementor-widget-text-editor:not(.elementor-drop-cap-view-default) .elementor-drop-cap{margin-top:8px}.elementor-widget-text-editor:not(.elementor-drop-cap-view-default) .elementor-drop-cap-letter{width:1em;height:1em}.elementor-widget-text-editor .elementor-drop-cap{float:left;text-align:center;line-height:1;font-size:50px}.elementor-widget-text-editor .elementor-drop-cap-letter{display:inline-block}<\/style>\t\t\t\t<h5><strong>Nazwa Beneficjenta:<\/strong> PROGRESUS Sp. z o. o.<\/h5><h5 style=\"background-color: #ffffff;\"><span style=\"font-weight: bolder;\">Tytu\u0142 projektu:<\/span>\u00a0<span style=\"color: var(--qode-main-color); letter-spacing: 0px; text-transform: initial;\">,,Wdro\u017cenie innowacyjnej w skali kraju technologii postarzania alkoholi mocnych metod\u0105 ci\u015bnieniowego przet\u0142aczania celem zwi\u0119kszenia konkurencyjno\u015bci przedsi\u0119biorstwa i zwi\u0119kszenia zatrudnienia.\u201d<\/span><\/h5><h5 style=\"background-color: #ffffff;\"><span style=\"font-weight: bolder;\">Warto\u015b\u0107 projektu (ca\u0142kowity koszt projektu):<\/span>\u00a01 182 750,00 z\u0142<\/h5><h5 style=\"background-color: #ffffff;\"><span style=\"font-weight: bolder;\">Wysoko\u015b\u0107 wk\u0142adu Funduszy Europejskich:<\/span>\u00a0819 612,50 z\u0142<\/h5><div><h5>Realizujemy projekt pt. <strong>,,Wdro\u017cenie innowacyjnej w skali kraju technologii postarzania alkoholi mocnych metod\u0105 ci\u015bnieniowego przet\u0142aczania celem zwi\u0119kszenia konkurencyjno\u015bci przedsi\u0119biorstwa i zwi\u0119kszenia zatrudnienia.\u201d<\/strong><\/h5><h5>Nak\u0142ady poniesione w ramach projektu obejm\u0105 zakup zaprojektowanej instalacji oraz wyposa\u017cenia niezb\u0119dnych do wprowadzenia nowego asortymentu produktowego oraz utworzenia 2 nowych etat\u00f3w. Ponadto dzia\u0142aniem niezb\u0119dnym do uruchomienia produkcji b\u0119dzie zakup us\u0142ug doradczych, kt\u00f3re b\u0119d\u0105 dotyczy\u0142y analizy logistyczno-przep\u0142ywowej dla przedsi\u0119biorstwa w procesie produkcyjnym.<\/h5><h5>Grup\u0119 docelow\u0105 dla projektu stanowi\u0105 koneserzy alkoholi, mi\u0142o\u015bnicy produkt\u00f3w rzemie\u015blniczych oraz konsumenci poszukuj\u0105cy unikalnych destylat\u00f3w alkoholowych. Projekt skierowany jest r\u00f3wnie\u017c do dystrybutor\u00f3w alkoholi, sklep\u00f3w i delikates\u00f3w, a tak\u017ce sektora HoReCa, w tym hoteli, restauracji i bar\u00f3w. Wa\u017cnym segmentem docelowym s\u0105 inwestorzy oraz partnerzy strategiczni zainteresowani wspieraniem innowacyjnych przedsi\u0119wzi\u0119\u0107, jak r\u00f3wnie\u017c sieci handlowe i hurtownie, kt\u00f3re mog\u0142yby w\u0142\u0105czy\u0107 nowe produkty do swojej oferty. Dodatkowo, projekt skierowany jest do producent\u00f3w i ekspert\u00f3w z bran\u017cy alkoholowej, kt\u00f3rzy mog\u0105 by\u0107 zainteresowani licencjonowaniem technologii lub wsp\u00f3\u0142prac\u0105 w zakresie jej wdra\u017cania. Dzi\u0119ki swojej uniwersalno\u015bci, oferta projektu trafia do szerokiego spektrum klient\u00f3w.<\/h5><h5>Celem projektu b\u0119dzie wdro\u017cenie do oferty firmy starzonych destylat\u00f3w metod\u0105 ci\u015bnieniowego przet\u0142aczania, kt\u00f3ra zosta\u0142a opracowana przez Wnioskodawc\u0119, w ramach w\u0142asnych prac badawczych. Maj\u0105c na uwadze trendy w bran\u017cy gorzelniczej Wnioskodawca rozpocz\u0105\u0142 prace badawcze maj\u0105ce na celu opracowanie autorskiej technologii postarzania alkoholi mocnych, kt\u00f3ra b\u0119dzie alternatyw\u0105 do tradycyjnego wieloletniego starzenia. Dzi\u0119ki realizacji projektu przedsi\u0119biorstwo uzyska znacz\u0105c\u0105 przewag\u0119 konkurencyjn\u0105, gdy\u017c na polskim rynku nie ma producent\u00f3w wytwarzaj\u0105cych alkohole starzone mocne metod\u0105 ci\u015bnieniowego przet\u0142aczania. Nast\u0105pi tak\u017ce dywersyfikacja produkcji oraz zwi\u0119kszenie zatrudnienia, a co za tym idzie, nast\u0105pi dostosowanie dzia\u0142alno\u015bci Wnioskodawcy do warunk\u00f3w zwi\u0105zanych z transformacj\u0105 gospodarcz\u0105.<\/h5><h5><span style=\"color: var(--qode-main-color); letter-spacing: 0px; text-transform: initial;\">#FunduszeUE<\/span><\/h5><\/div>\t\t\t\t\t\t<\/div>\n\t\t\t\t<\/div>\n\t\t\t\t\t<\/div>\n\t\t<\/div>\n\t\t\t\t\t\t\t<\/div>\n\t\t<\/section>\n\t\t\t\t<section class=\"elementor-section elementor-top-section elementor-element elementor-element-51fd76c elementor-section-boxed elementor-section-height-default elementor-section-height-default qodef-elementor-content-no\" data-id=\"51fd76c\" data-element_type=\"section\">\n\t\t\t\t\t\t<div class=\"elementor-container elementor-column-gap-default\">\n\t\t\t\t\t<div class=\"elementor-column elementor-col-100 elementor-top-column elementor-element elementor-element-5845b4f\" data-id=\"5845b4f\" data-element_type=\"column\">\n\t\t\t<div class=\"elementor-widget-wrap elementor-element-populated\">\n\t\t\t\t\t\t\t\t<div class=\"elementor-element elementor-element-f9638c8 elementor-widget elementor-widget-image\" data-id=\"f9638c8\" data-element_type=\"widget\" data-widget_type=\"image.default\">\n\t\t\t\t<div class=\"elementor-widget-container\">\n\t\t\t<style>\/*! elementor - v3.9.2 - 21-12-2022 *\/\n.elementor-widget-image{text-align:center}.elementor-widget-image a{display:inline-block}.elementor-widget-image a img[src$=\".svg\"]{width:48px}.elementor-widget-image img{vertical-align:middle;display:inline-block}<\/style>\t\t\t\t\t\t\t\t\t\t\t\t<img loading=\"lazy\" decoding=\"async\" width=\"1024\" height=\"88\" src=\"https:\/\/progresus.pl\/wp-content\/uploads\/2024\/12\/PL-Pasek_FE-RGB-poziom-1024x88.jpg\" class=\"attachment-large size-large wp-image-11035\" alt=\"\" srcset=\"https:\/\/progresus.pl\/wp-content\/uploads\/2024\/12\/PL-Pasek_FE-RGB-poziom-1024x88.jpg 1024w, https:\/\/progresus.pl\/wp-content\/uploads\/2024\/12\/PL-Pasek_FE-RGB-poziom-300x26.jpg 300w, https:\/\/progresus.pl\/wp-content\/uploads\/2024\/12\/PL-Pasek_FE-RGB-poziom-768x66.jpg 768w, https:\/\/progresus.pl\/wp-content\/uploads\/2024\/12\/PL-Pasek_FE-RGB-poziom-1536x132.jpg 1536w, https:\/\/progresus.pl\/wp-content\/uploads\/2024\/12\/PL-Pasek_FE-RGB-poziom.jpg 1984w\" sizes=\"(max-width: 1024px) 100vw, 1024px\" \/>\t\t\t\t\t\t\t\t\t\t\t\t\t\t\t<\/div>\n\t\t\t\t<\/div>\n\t\t\t\t\t<\/div>\n\t\t<\/div>\n\t\t\t\t\t\t\t<\/div>\n\t\t<\/section>\n\t\t\t\t<section class=\"elementor-section elementor-top-section elementor-element elementor-element-9359c19 elementor-section-boxed elementor-section-height-default elementor-section-height-default qodef-elementor-content-no\" data-id=\"9359c19\" data-element_type=\"section\">\n\t\t\t\t\t\t<div class=\"elementor-container elementor-column-gap-default\">\n\t\t\t\t\t<div class=\"elementor-column elementor-col-100 elementor-top-column elementor-element elementor-element-3644bf2\" data-id=\"3644bf2\" data-element_type=\"column\">\n\t\t\t<div class=\"elementor-widget-wrap elementor-element-populated\">\n\t\t\t\t\t\t\t\t<div class=\"elementor-element elementor-element-d8f6a69 elementor-widget elementor-widget-text-editor\" data-id=\"d8f6a69\" data-element_type=\"widget\" data-widget_type=\"text-editor.default\">\n\t\t\t\t<div class=\"elementor-widget-container\">\n\t\t\t\t\t\t\t<h5><strong>Nazwa Beneficjenta:<\/strong> PROGRESUS Sp. z o. o.<\/h5><h5><strong>Tytu\u0142 projektu:<\/strong> \u201eZakup przez Progresus Sp. z o.o. us\u0142ugi B+R zwi\u0105zanej z opracowaniem technologii wytwarzania destylat\u00f3w alkoholowych z pradawnych odmian pszenicy wraz z p\u00f3\u017aniejszym wdro\u017ceniem opracowanych destylat\u00f3w.\u201d<\/h5><h5><strong>Nr umowy o dofinansowanie:<\/strong> RPMP.01.02.03-12-0027\/21-00<\/h5><h5><strong>Warto\u015b\u0107 projektu:<\/strong> 614 877,00 z\u0142<\/h5><h5><strong>Warto\u015b\u0107 dofinansowania:<\/strong> 424 915,00 z\u0142<\/h5>\t\t\t\t\t\t<\/div>\n\t\t\t\t<\/div>\n\t\t\t\t\t<\/div>\n\t\t<\/div>\n\t\t\t\t\t\t\t<\/div>\n\t\t<\/section>\n\t\t\t\t<section class=\"elementor-section elementor-top-section elementor-element elementor-element-deda068 elementor-section-boxed elementor-section-height-default elementor-section-height-default qodef-elementor-content-no\" data-id=\"deda068\" data-element_type=\"section\">\n\t\t\t\t\t\t<div class=\"elementor-container elementor-column-gap-default\">\n\t\t\t\t\t<div class=\"elementor-column elementor-col-100 elementor-top-column elementor-element elementor-element-d05a6f9\" data-id=\"d05a6f9\" data-element_type=\"column\">\n\t\t\t<div class=\"elementor-widget-wrap elementor-element-populated\">\n\t\t\t\t\t\t\t\t<div class=\"elementor-element elementor-element-202a845 elementor-widget elementor-widget-halstein_core_section_title\" data-id=\"202a845\" data-element_type=\"widget\" data-widget_type=\"halstein_core_section_title.default\">\n\t\t\t\t<div class=\"elementor-widget-container\">\n\t\t\t<div class=\"qodef-shortcode qodef-m  qodef-section-title qodef-alignment--left  \">\n\t\t\t<h3 class=\"qodef-m-title\" >\n\t\t\t\t\tCel projektu:\t\t\t<\/h3>\n\t\t\t<\/div>\n\t\t<\/div>\n\t\t\t\t<\/div>\n\t\t\t\t<div class=\"elementor-element elementor-element-597d1f1 elementor-widget elementor-widget-text-editor\" data-id=\"597d1f1\" data-element_type=\"widget\" data-widget_type=\"text-editor.default\">\n\t\t\t\t<div class=\"elementor-widget-container\">\n\t\t\t\t\t\t\t<h5>G\u0142\u00f3wnym celem projektu jest podniesienie innowacyjno\u015bci oraz konkurencyjno\u015bci rynkowej przedsi\u0119biorstwa Progresus sp. z o.o. dzi\u0119ki realizacji us\u0142ugi B+R przez wybran\u0105 jednostk\u0119 naukow\u0105, kt\u00f3ra opracuje technologi\u0119 wytwarzania destylat\u00f3w alkoholowych z pradawnych odmian pszenicy oraz p\u00f3\u017aniejsze wdro\u017cenie wynik\u00f3w bada\u0144 do praktyki firmy.<\/h5>\t\t\t\t\t\t<\/div>\n\t\t\t\t<\/div>\n\t\t\t\t\t<\/div>\n\t\t<\/div>\n\t\t\t\t\t\t\t<\/div>\n\t\t<\/section>\n\t\t\t\t<section class=\"elementor-section elementor-top-section elementor-element elementor-element-5ef224d elementor-section-boxed elementor-section-height-default elementor-section-height-default qodef-elementor-content-no\" data-id=\"5ef224d\" data-element_type=\"section\">\n\t\t\t\t\t\t<div class=\"elementor-container elementor-column-gap-default\">\n\t\t\t\t\t<div class=\"elementor-column elementor-col-100 elementor-top-column elementor-element elementor-element-293b26c\" data-id=\"293b26c\" data-element_type=\"column\">\n\t\t\t<div class=\"elementor-widget-wrap elementor-element-populated\">\n\t\t\t\t\t\t\t\t<div class=\"elementor-element elementor-element-8b2ebff elementor-widget elementor-widget-halstein_core_section_title\" data-id=\"8b2ebff\" data-element_type=\"widget\" data-widget_type=\"halstein_core_section_title.default\">\n\t\t\t\t<div class=\"elementor-widget-container\">\n\t\t\t<div class=\"qodef-shortcode qodef-m  qodef-section-title qodef-alignment--left  \">\n\t\t\t<h3 class=\"qodef-m-title\" >\n\t\t\t\t\t\u0179r\u00f3d\u0142o finansowania:\t\t\t<\/h3>\n\t\t\t<\/div>\n\t\t<\/div>\n\t\t\t\t<\/div>\n\t\t\t\t<div class=\"elementor-element elementor-element-88ae8b9 elementor-widget elementor-widget-text-editor\" data-id=\"88ae8b9\" data-element_type=\"widget\" data-widget_type=\"text-editor.default\">\n\t\t\t\t<div class=\"elementor-widget-container\">\n\t\t\t\t\t\t\t<h5>Projekt wsp\u00f3\u0142finansowany ze \u015brodk\u00f3w Europejskiego Funduszu Rozwoju Regionalnego w ramach Regionalnego Programu Operacyjnego Wojew\u00f3dztwa Ma\u0142opolskiego na lata 2014-2020<\/h5><h5><b>Dzia\u0142anie:<\/b> 1.2 Badania i innowacje w przedsi\u0119biorstwach<\/h5><h5><b>Poddzia\u0142anie<\/b> 1.2.3 Bony na innowacje<\/h5><h5><b>Typ projektu C. <\/b>Bon na us\u0142ug\u0119 B+R wraz z wdro\u017ceniem<\/h5>\t\t\t\t\t\t<\/div>\n\t\t\t\t<\/div>\n\t\t\t\t\t<\/div>\n\t\t<\/div>\n\t\t\t\t\t\t\t<\/div>\n\t\t<\/section>\n\t\t\t\t<section class=\"elementor-section elementor-top-section elementor-element elementor-element-9b25a5a elementor-section-boxed elementor-section-height-default elementor-section-height-default qodef-elementor-content-no\" data-id=\"9b25a5a\" data-element_type=\"section\">\n\t\t\t\t\t\t<div class=\"elementor-container elementor-column-gap-default\">\n\t\t\t\t\t<div class=\"elementor-column elementor-col-100 elementor-top-column elementor-element elementor-element-56ed801\" data-id=\"56ed801\" data-element_type=\"column\">\n\t\t\t<div class=\"elementor-widget-wrap elementor-element-populated\">\n\t\t\t\t\t\t\t\t<div class=\"elementor-element elementor-element-d229163 elementor-widget elementor-widget-halstein_core_section_title\" data-id=\"d229163\" data-element_type=\"widget\" data-widget_type=\"halstein_core_section_title.default\">\n\t\t\t\t<div class=\"elementor-widget-container\">\n\t\t\t<div class=\"qodef-shortcode qodef-m  qodef-section-title qodef-alignment--left  \">\n\t\t\t<h3 class=\"qodef-m-title\" >\n\t\t\t\t\tOkres realizacji projektu:\t\t\t<\/h3>\n\t\t\t<\/div>\n\t\t<\/div>\n\t\t\t\t<\/div>\n\t\t\t\t<div class=\"elementor-element elementor-element-cdb9ec5 elementor-widget elementor-widget-text-editor\" data-id=\"cdb9ec5\" data-element_type=\"widget\" data-widget_type=\"text-editor.default\">\n\t\t\t\t<div class=\"elementor-widget-container\">\n\t\t\t\t\t\t\t<h5>od 2021-10-01 do 2023-06-30<\/h5>\t\t\t\t\t\t<\/div>\n\t\t\t\t<\/div>\n\t\t\t\t\t<\/div>\n\t\t<\/div>\n\t\t\t\t\t\t\t<\/div>\n\t\t<\/section>\n\t\t\t\t<section class=\"elementor-section elementor-top-section elementor-element elementor-element-2e8baf7 elementor-section-boxed elementor-section-height-default elementor-section-height-default qodef-elementor-content-no\" data-id=\"2e8baf7\" data-element_type=\"section\">\n\t\t\t\t\t\t<div class=\"elementor-container elementor-column-gap-default\">\n\t\t\t\t\t<div class=\"elementor-column elementor-col-100 elementor-top-column elementor-element elementor-element-cea8a87\" data-id=\"cea8a87\" data-element_type=\"column\">\n\t\t\t<div class=\"elementor-widget-wrap elementor-element-populated\">\n\t\t\t\t\t\t\t\t<div class=\"elementor-element elementor-element-cd80985 elementor-widget elementor-widget-image\" data-id=\"cd80985\" data-element_type=\"widget\" data-widget_type=\"image.default\">\n\t\t\t\t<div class=\"elementor-widget-container\">\n\t\t\t\t\t\t\t\t\t\t\t\t\t\t\t<img loading=\"lazy\" decoding=\"async\" width=\"1024\" height=\"94\" src=\"https:\/\/progresus.pl\/wp-content\/uploads\/2023\/05\/loga-ue-1024x94.png\" class=\"attachment-large size-large wp-image-10888\" alt=\"\" srcset=\"https:\/\/progresus.pl\/wp-content\/uploads\/2023\/05\/loga-ue-1024x94.png 1024w, https:\/\/progresus.pl\/wp-content\/uploads\/2023\/05\/loga-ue-300x28.png 300w, https:\/\/progresus.pl\/wp-content\/uploads\/2023\/05\/loga-ue-768x71.png 768w, https:\/\/progresus.pl\/wp-content\/uploads\/2023\/05\/loga-ue.png 1443w\" sizes=\"(max-width: 1024px) 100vw, 1024px\" \/>\t\t\t\t\t\t\t\t\t\t\t\t\t\t\t<\/div>\n\t\t\t\t<\/div>\n\t\t\t\t\t<\/div>\n\t\t<\/div>\n\t\t\t\t\t\t\t<\/div>\n\t\t<\/section>\n\t\t\t\t<section class=\"elementor-section elementor-top-section elementor-element elementor-element-07f8d30 elementor-section-boxed elementor-section-height-default elementor-section-height-default qodef-elementor-content-no\" data-id=\"07f8d30\" data-element_type=\"section\">\n\t\t\t\t\t\t<div class=\"elementor-container elementor-column-gap-default\">\n\t\t\t\t\t<div class=\"elementor-column elementor-col-100 elementor-top-column elementor-element elementor-element-7ed9845\" data-id=\"7ed9845\" data-element_type=\"column\">\n\t\t\t<div class=\"elementor-widget-wrap elementor-element-populated\">\n\t\t\t\t\t\t\t\t<div class=\"elementor-element elementor-element-4469d67 elementor-widget elementor-widget-halstein_core_section_title\" data-id=\"4469d67\" data-element_type=\"widget\" data-widget_type=\"halstein_core_section_title.default\">\n\t\t\t\t<div class=\"elementor-widget-container\">\n\t\t\t<div class=\"qodef-shortcode qodef-m  qodef-section-title qodef-alignment--left  \">\n\t\t\t<h3 class=\"qodef-m-title\" >\n\t\t\t\t\tKontakt:\t\t\t<\/h3>\n\t\t\t<\/div>\n\t\t<\/div>\n\t\t\t\t<\/div>\n\t\t\t\t<div class=\"elementor-element elementor-element-26801c0 elementor-widget elementor-widget-text-editor\" data-id=\"26801c0\" data-element_type=\"widget\" data-widget_type=\"text-editor.default\">\n\t\t\t\t<div class=\"elementor-widget-container\">\n\t\t\t\t\t\t\t<h5>Progresus Sp. z o. o., ul. Karpi\u0144skiego 22, 30-657 Krak\u00f3w<\/h5><h5>+48 509 232 327 | + 48 661 737\u00a0948<\/h5><h5>biuro@progresus.pl<\/h5><h5>NIP: 628-226-42-32 }| Regon: 361528187 | KRS 0000562165 | S\u0105d Rejonowy dla Krakowa-\u015ar\u00f3dmie\u015bcia w Krakowie, XII Wydzia\u0142 Gospodarczy Krajowego Rejestru S\u0105dowego<\/h5>\t\t\t\t\t\t<\/div>\n\t\t\t\t<\/div>\n\t\t\t\t\t<\/div>\n\t\t<\/div>\n\t\t\t\t\t\t\t<\/div>\n\t\t<\/section>\n\t\t\t\t\t\t\t<\/div>\n\t\t","protected":false},"excerpt":{"rendered":"<p>PROJEKTY PROGRESUS Projekty realizowane przez Progresus Sp. z o. o. Nazwa Beneficjenta: PROGRESUS Sp. z o. o. Tytu\u0142 projektu:\u00a0,,Wdro\u017cenie innowacyjnej w skali kraju technologii postarzania alkoholi mocnych metod\u0105 ci\u015bnieniowego przet\u0142aczania celem zwi\u0119kszenia konkurencyjno\u015bci przedsi\u0119biorstwa i zwi\u0119kszenia zatrudnienia.\u201d Warto\u015b\u0107 projektu (ca\u0142kowity koszt projektu):\u00a01 182 750,00 z\u0142 Wysoko\u015b\u0107 wk\u0142adu Funduszy Europejskich:\u00a0819 612,50 z\u0142 Realizujemy projekt pt. ,,Wdro\u017cenie [&hellip;]<\/p>\n","protected":false},"author":1,"featured_media":0,"parent":0,"menu_order":0,"comment_status":"closed","ping_status":"closed","template":"","meta":{"footnotes":""},"_links":{"self":[{"href":"https:\/\/progresus.pl\/index.php\/wp-json\/wp\/v2\/pages\/10636"}],"collection":[{"href":"https:\/\/progresus.pl\/index.php\/wp-json\/wp\/v2\/pages"}],"about":[{"href":"https:\/\/progresus.pl\/index.php\/wp-json\/wp\/v2\/types\/page"}],"author":[{"embeddable":true,"href":"https:\/\/progresus.pl\/index.php\/wp-json\/wp\/v2\/users\/1"}],"replies":[{"embeddable":true,"href":"https:\/\/progresus.pl\/index.php\/wp-json\/wp\/v2\/comments?post=10636"}],"version-history":[{"count":39,"href":"https:\/\/progresus.pl\/index.php\/wp-json\/wp\/v2\/pages\/10636\/revisions"}],"predecessor-version":[{"id":11053,"href":"https:\/\/progresus.pl\/index.php\/wp-json\/wp\/v2\/pages\/10636\/revisions\/11053"}],"wp:attachment":[{"href":"https:\/\/progresus.pl\/index.php\/wp-json\/wp\/v2\/media?parent=10636"}],"curies":[{"name":"wp","href":"https:\/\/api.w.org\/{rel}","templated":true}]}}