{"id":10695,"date":"2023-02-14T20:33:44","date_gmt":"2023-02-14T19:33:44","guid":{"rendered":"http:\/\/progresus.pl\/?page_id=10695"},"modified":"2023-02-14T20:41:21","modified_gmt":"2023-02-14T19:41:21","slug":"rozliczanie-dotacji","status":"publish","type":"page","link":"http:\/\/progresus.pl\/index.php\/rozliczanie-dotacji\/","title":{"rendered":"Rozliczanie dotacji"},"content":{"rendered":"\t\t<div data-elementor-type=\"wp-page\" data-elementor-id=\"10695\" class=\"elementor elementor-10695\">\n\t\t\t\t\t\t\t\t\t<section class=\"elementor-section elementor-top-section elementor-element elementor-element-5ffb162 elementor-section-boxed elementor-section-height-default elementor-section-height-default qodef-elementor-content-no\" data-id=\"5ffb162\" data-element_type=\"section\">\n\t\t\t\t\t\t<div class=\"elementor-container elementor-column-gap-default\">\n\t\t\t\t\t<div class=\"elementor-column elementor-col-100 elementor-top-column elementor-element elementor-element-07aceef\" data-id=\"07aceef\" data-element_type=\"column\">\n\t\t\t<div class=\"elementor-widget-wrap elementor-element-populated\">\n\t\t\t\t\t\t\t\t<div class=\"elementor-element elementor-element-c369bb3 elementor-widget elementor-widget-halstein_core_section_title\" data-id=\"c369bb3\" data-element_type=\"widget\" data-widget_type=\"halstein_core_section_title.default\">\n\t\t\t\t<div class=\"elementor-widget-container\">\n\t\t\t<div class=\"qodef-shortcode qodef-m  qodef-section-title qodef-alignment--left  \">\n\t\t\t<h3 class=\"qodef-m-title\" >\n\t\t\t\t\tRozliczanie dotacji\t\t\t<\/h3>\n\t\t\t<\/div>\n\t\t<\/div>\n\t\t\t\t<\/div>\n\t\t\t\t<div class=\"elementor-element elementor-element-c0b60e0 elementor-icon-list--layout-traditional elementor-list-item-link-full_width elementor-widget elementor-widget-icon-list\" data-id=\"c0b60e0\" data-element_type=\"widget\" data-widget_type=\"icon-list.default\">\n\t\t\t\t<div class=\"elementor-widget-container\">\n\t\t\t<link rel=\"stylesheet\" href=\"http:\/\/progresus.pl\/wp-content\/plugins\/elementor\/assets\/css\/widget-icon-list.min.css\">\t\t<ul class=\"elementor-icon-list-items\">\n\t\t\t\t\t\t\t<li class=\"elementor-icon-list-item\">\n\t\t\t\t\t\t\t\t\t\t\t<span class=\"elementor-icon-list-icon\">\n\t\t\t\t\t\t\t<i aria-hidden=\"true\" class=\"fas fa-check\"><\/i>\t\t\t\t\t\t<\/span>\n\t\t\t\t\t\t\t\t\t\t<span class=\"elementor-icon-list-text\">monitorowanie i kontrola realizacji projektu,<\/span>\n\t\t\t\t\t\t\t\t\t<\/li>\n\t\t\t\t\t\t\t\t<li class=\"elementor-icon-list-item\">\n\t\t\t\t\t\t\t\t\t\t\t<span class=\"elementor-icon-list-icon\">\n\t\t\t\t\t\t\t<i aria-hidden=\"true\" class=\"fas fa-check\"><\/i>\t\t\t\t\t\t<\/span>\n\t\t\t\t\t\t\t\t\t\t<span class=\"elementor-icon-list-text\">doradztwo w trakcie wdra\u017cania projektu inwestycyjnego,<\/span>\n\t\t\t\t\t\t\t\t\t<\/li>\n\t\t\t\t\t\t\t\t<li class=\"elementor-icon-list-item\">\n\t\t\t\t\t\t\t\t\t\t\t<span class=\"elementor-icon-list-icon\">\n\t\t\t\t\t\t\t<i aria-hidden=\"true\" class=\"fas fa-check\"><\/i>\t\t\t\t\t\t<\/span>\n\t\t\t\t\t\t\t\t\t\t<span class=\"elementor-icon-list-text\">przygotowanie wniosku o p\u0142atno\u015b\u0107.<\/span>\n\t\t\t\t\t\t\t\t\t<\/li>\n\t\t\t\t\t\t\t\t<li class=\"elementor-icon-list-item\">\n\t\t\t\t\t\t\t\t\t\t\t<span class=\"elementor-icon-list-icon\">\n\t\t\t\t\t\t\t<i aria-hidden=\"true\" class=\"fas fa-check\"><\/i>\t\t\t\t\t\t<\/span>\n\t\t\t\t\t\t\t\t\t\t<span class=\"elementor-icon-list-text\">przygotowanie sprawozdawczo\u015bci oraz dokumentacji rozliczeniowej w terminach i formie zgodnej z wymogami programu (raporty techniczne i finansowe, raport ko\u0144cowy i wniosek o wyp\u0142at\u0119 dotacji),<\/span>\n\t\t\t\t\t\t\t\t\t<\/li>\n\t\t\t\t\t\t\t\t<li class=\"elementor-icon-list-item\">\n\t\t\t\t\t\t\t\t\t\t\t<span class=\"elementor-icon-list-icon\">\n\t\t\t\t\t\t\t<i aria-hidden=\"true\" class=\"fas fa-check\"><\/i>\t\t\t\t\t\t<\/span>\n\t\t\t\t\t\t\t\t\t\t<span class=\"elementor-icon-list-text\">wsp\u00f3\u0142praca z podwykonawcami inwestycji w zakresie poprawno\u015bci fakturowania w odniesieniu do zapis\u00f3w umowy o dotacj\u0119,<\/span>\n\t\t\t\t\t\t\t\t\t<\/li>\n\t\t\t\t\t\t\t\t<li class=\"elementor-icon-list-item\">\n\t\t\t\t\t\t\t\t\t\t\t<span class=\"elementor-icon-list-icon\">\n\t\t\t\t\t\t\t<i aria-hidden=\"true\" class=\"fas fa-check\"><\/i>\t\t\t\t\t\t<\/span>\n\t\t\t\t\t\t\t\t\t\t<span class=\"elementor-icon-list-text\">sporz\u0105dzenie sprawozdania ko\u0144cowego z realizacji projektu.<\/span>\n\t\t\t\t\t\t\t\t\t<\/li>\n\t\t\t\t\t\t\t\t<li class=\"elementor-icon-list-item\">\n\t\t\t\t\t\t\t\t\t\t\t<span class=\"elementor-icon-list-icon\">\n\t\t\t\t\t\t\t<i aria-hidden=\"true\" class=\"fas fa-check\"><\/i>\t\t\t\t\t\t<\/span>\n\t\t\t\t\t\t\t\t\t\t<span class=\"elementor-icon-list-text\">wsparcie przy wizycie kontrolnej ze strony instytucji nadzoruj\u0105cej lub wdra\u017caj\u0105cej program dotacji,<\/span>\n\t\t\t\t\t\t\t\t\t<\/li>\n\t\t\t\t\t\t<\/ul>\n\t\t\t\t<\/div>\n\t\t\t\t<\/div>\n\t\t\t\t\t<\/div>\n\t\t<\/div>\n\t\t\t\t\t\t\t<\/div>\n\t\t<\/section>\n\t\t\t\t\t\t\t<\/div>\n\t\t","protected":false},"excerpt":{"rendered":"<p>Rozliczanie dotacji monitorowanie i kontrola realizacji projektu, doradztwo w trakcie wdra\u017cania projektu inwestycyjnego, przygotowanie wniosku o p\u0142atno\u015b\u0107. przygotowanie sprawozdawczo\u015bci oraz dokumentacji rozliczeniowej w terminach i formie zgodnej z wymogami programu (raporty techniczne i finansowe, raport ko\u0144cowy i wniosek o wyp\u0142at\u0119 dotacji), wsp\u00f3\u0142praca z podwykonawcami inwestycji w zakresie poprawno\u015bci fakturowania w odniesieniu do zapis\u00f3w umowy o [&hellip;]<\/p>\n","protected":false},"author":2,"featured_media":10461,"parent":0,"menu_order":0,"comment_status":"closed","ping_status":"closed","template":"","meta":{"footnotes":""},"_links":{"self":[{"href":"http:\/\/progresus.pl\/index.php\/wp-json\/wp\/v2\/pages\/10695"}],"collection":[{"href":"http:\/\/progresus.pl\/index.php\/wp-json\/wp\/v2\/pages"}],"about":[{"href":"http:\/\/progresus.pl\/index.php\/wp-json\/wp\/v2\/types\/page"}],"author":[{"embeddable":true,"href":"http:\/\/progresus.pl\/index.php\/wp-json\/wp\/v2\/users\/2"}],"replies":[{"embeddable":true,"href":"http:\/\/progresus.pl\/index.php\/wp-json\/wp\/v2\/comments?post=10695"}],"version-history":[{"count":5,"href":"http:\/\/progresus.pl\/index.php\/wp-json\/wp\/v2\/pages\/10695\/revisions"}],"predecessor-version":[{"id":10705,"href":"http:\/\/progresus.pl\/index.php\/wp-json\/wp\/v2\/pages\/10695\/revisions\/10705"}],"wp:featuredmedia":[{"embeddable":true,"href":"http:\/\/progresus.pl\/index.php\/wp-json\/wp\/v2\/media\/10461"}],"wp:attachment":[{"href":"http:\/\/progresus.pl\/index.php\/wp-json\/wp\/v2\/media?parent=10695"}],"curies":[{"name":"wp","href":"https:\/\/api.w.org\/{rel}","templated":true}]}}